{"id":371,"date":"2009-09-17T13:28:35","date_gmt":"2009-09-17T11:28:35","guid":{"rendered":"http:\/\/www.archimadrid.es\/dpt\/?page_id=371"},"modified":"2011-11-21T13:35:12","modified_gmt":"2011-11-21T12:35:12","slug":"introduccion-a-los-testimonios","status":"publish","type":"page","link":"https:\/\/dpt.archimadrid.es\/?page_id=371","title":{"rendered":"Introducci\u00f3n a los testimonios"},"content":{"rendered":"<table style=\"width: 605px; height: 945px;\" border=\"0\" cellspacing=\"0\" cellpadding=\"0\">\n<tbody>\n<tr>\n<td valign=\"top\" width=\"633\">\n<h4 style=\"text-align: justify; padding-left: 30px;\"><span style=\"color: #000080;\">Esta p\u00e1gina pretende rodearse de testigos del Dios encarnado en la espesura de nuestra historia. Al cristiano le pasa lo que al perfume: se expande a poco se abra. Si no se difunde es que ha perdido su identidad. La humanidad ha recibido el cari\u00f1o de Dios como tesoro inmerecido pero puede que no se haya enterado. Al cristiano le corresponde saber buscar y dar pistas del tesoro.<\/span><\/h4>\n<h4 style=\"text-align: justify; padding-left: 30px;\"><\/h4>\n<h4 style=\"text-align: justify; padding-left: 30px;\"><span style=\"color: #000080;\">Pero nos puede pasar lo que al peque\u00f1o pez:<\/span><\/h4>\n<h4 style=\"text-align: justify; padding-left: 30px;\"><\/h4>\n<ul>\n<li>\n<h4 style=\"text-align: justify; padding-left: 30px;\"><span style=\"color: #000080;\">\u201cUsted perdone\u201d, le dijo un pez a otro, \u201ces usted m\u00e1s viejo y con m\u00e1s experiencia que yo y probablemente podr\u00e1 ayudarme. D\u00edgame: \u00bfd\u00f3nde puedo encontrar eso que llaman Oc\u00e9ano? He estado busc\u00e1ndolo por todas partes, sin resultado\u201d<\/span><\/h4>\n<\/li>\n<li>\n<h4 style=\"text-align: justify; padding-left: 30px;\"><span style=\"color: #000080;\">\u201cEl Oc\u00e9ano\u201d, respondi\u00f3 el viejo pez, \u201ces donde est\u00e1s ahora mismo\u201d<\/span><\/h4>\n<\/li>\n<li>\n<h4 style=\"text-align: justify; padding-left: 30px;\"><span style=\"color: #000080;\">\u201c\u00bfEsto?. Pero si esto no es m\u00e1s que agua\u2026 Lo que yo busco es el Oc\u00e9ano\u201d, replic\u00f3 el peque\u00f1o pez, totalmente decepcionado, mientras se marchaba nadando a buscar en otra parte. (de MELLO A. \u201cEl canto del p\u00e1jaro\u201d, p. 26)<\/span><\/h4>\n<\/li>\n<\/ul>\n<h4 style=\"text-align: justify; padding-left: 30px;\"><\/h4>\n<h4 style=\"text-align: justify; padding-left: 30px;\"><span style=\"color: #000080;\">Y es que Dios se ha hecho carne de nuestra carne de tal manera que parece que no es Dios. Por eso necesitamos la palabra de otros creyentes que hayan sido testigos del paso de Dios por su vida. Testigos de Dios en lo inmanente y sencillo, en las alegr\u00edas y los sufrimientos.<\/span><\/h4>\n<h4 style=\"text-align: justify; padding-left: 30px;\"><\/h4>\n<h4 style=\"text-align: justify; padding-left: 30px;\"><span style=\"color: #000080;\">La vida de los santos nos han mostrado a veces a Dios en hechos grandiosos. Esto nos puede distorsionar la presencia de Dios. Como a los paisanos de Nazaret, Jes\u00fas les decepcion\u00f3 cuando le pidieron hechos milagrosos (\u201c\u00bfno es este el hijo de Jos\u00e9?\u201d Lc 4, 22).<\/span><\/h4>\n<h4 style=\"text-align: justify; padding-left: 30px;\"><\/h4>\n<h4 style=\"text-align: justify; padding-left: 30px;\"><span style=\"color: #000080;\">Por eso en esta p\u00e1gina vamos a \u201cbucear\u201d en los peque\u00f1os hechos de vida que nos trasparenten la permanencia de Dios en nuestro mundo. A un testigo se le pide que sea veraz a lo que ha visto u o\u00eddo. A un testimonio creyente, que d\u00e9 se\u00f1ales del paso de Dios en la historia. No hace falta que sea un especialista en liturgia o teolog\u00eda. S\u00f3lo necesita que haya tenido experiencia del acontecimiento Dios en nuestro mundo y lo describa fielmente.<\/span><\/h4>\n<h4 style=\"text-align: justify; padding-left: 30px;\"><\/h4>\n<h4 style=\"text-align: justify; padding-left: 30px;\"><span style=\"color: #000080;\">En medio de la peregrinaci\u00f3n por este mundo aparentemente vac\u00edo de Dios, necesitamos peque\u00f1as luces que nos \u201cgu\u00eden hasta el monte santo, hasta su morada\u2026 que nos acerquen al Dios de mi alegr\u00eda\u201d <a href=\"https:\/\/dpt.archimadrid.es\/wp-content\/uploads\/2009\/09\/SALMO-042.pps\"><span style=\"color: #ff6600;\">(Salmo 42) <\/span><\/a>Cuando nos encontramos con Dios, nos cambia la vida y estamos capacitados para irradiar el buen olor de Cristo.<\/span><\/h4>\n<p style=\"padding-left: 30px;\">\n<\/td>\n<\/tr>\n<\/tbody>\n<\/table>\n","protected":false},"excerpt":{"rendered":"<p>Esta p\u00e1gina pretende rodearse de testigos del Dios encarnado en la espesura de nuestra historia. Al cristiano le pasa lo que al perfume: se expande a poco se abra. Si no se difunde es que ha perdido su identidad. La humanidad ha recibido el cari\u00f1o de Dios como tesoro inmerecido pero puede que no se <a href='https:\/\/dpt.archimadrid.es\/?page_id=371' class='excerpt-more'>[&#8230;]<\/a><\/p>\n","protected":false},"author":2,"featured_media":0,"parent":20,"menu_order":2,"comment_status":"closed","ping_status":"closed","template":"","meta":{"_monsterinsights_skip_tracking":false,"_monsterinsights_sitenote_active":false,"_monsterinsights_sitenote_note":"","_monsterinsights_sitenote_category":0,"ngg_post_thumbnail":0},"jetpack_sharing_enabled":true,"jetpack_shortlink":"https:\/\/wp.me\/P4zdxX-5Z","_links":{"self":[{"href":"https:\/\/dpt.archimadrid.es\/index.php?rest_route=\/wp\/v2\/pages\/371"}],"collection":[{"href":"https:\/\/dpt.archimadrid.es\/index.php?rest_route=\/wp\/v2\/pages"}],"about":[{"href":"https:\/\/dpt.archimadrid.es\/index.php?rest_route=\/wp\/v2\/types\/page"}],"author":[{"embeddable":true,"href":"https:\/\/dpt.archimadrid.es\/index.php?rest_route=\/wp\/v2\/users\/2"}],"replies":[{"embeddable":true,"href":"https:\/\/dpt.archimadrid.es\/index.php?rest_route=%2Fwp%2Fv2%2Fcomments&post=371"}],"version-history":[{"count":0,"href":"https:\/\/dpt.archimadrid.es\/index.php?rest_route=\/wp\/v2\/pages\/371\/revisions"}],"up":[{"embeddable":true,"href":"https:\/\/dpt.archimadrid.es\/index.php?rest_route=\/wp\/v2\/pages\/20"}],"wp:attachment":[{"href":"https:\/\/dpt.archimadrid.es\/index.php?rest_route=%2Fwp%2Fv2%2Fmedia&parent=371"}],"curies":[{"name":"wp","href":"https:\/\/api.w.org\/{rel}","templated":true}]}}