{"id":373,"date":"2009-09-17T13:29:45","date_gmt":"2009-09-17T11:29:45","guid":{"rendered":"http:\/\/www.archimadrid.es\/dpt\/?page_id=373"},"modified":"2021-03-31T11:10:37","modified_gmt":"2021-03-31T10:10:37","slug":"hechos-de-vida-testimonios","status":"publish","type":"page","link":"https:\/\/dpt.archimadrid.es\/?page_id=373","title":{"rendered":"Hechos de vida &#8211; Testimonios"},"content":{"rendered":"<ul>\n<li>\n<h3><span style=\"color: #ff0000;\"><a style=\"color: #ff0000;\" href=\"https:\/\/dpt.archimadrid.es\/wp-content\/uploads\/2021\/03\/La-incognita-del-trabajo-en-la-generacion-X-J.-L.-Palacios-HOAC.pdf\">La inc\u00f3gnita del trabajo en la generaci\u00f3n X &#8211; Jos\u00e9 Luis Palacios &#8211; HOAC<\/a><\/span><\/h3>\n<\/li>\n<li>\n<h3><span style=\"color: #ff0000;\"><a style=\"color: #ff0000;\" href=\"https:\/\/dpt.archimadrid.es\/wp-content\/uploads\/2021\/03\/Testimonio-Alvaro-Mota-Medina_mundo-del-arte-y-la-cultura_Px.pdf\">El mundo del arte y la cultura &#8211; \u00c1lvaro Mota &#8211; Profesionales Cristianos<\/a><\/span><\/h3>\n<\/li>\n<li>\n<h3><span style=\"color: #ff0000;\"><a class=\"not_titular\" style=\"color: #ff0000;\" href=\"https:\/\/www.redaccionmedica.com\/virico\/noticias\/paga-extra-mercadona-triplica-sueldo-medio-enfermera-4948\">La &#8216;extra&#8217; de Mercadona triplica el sueldo medio de una enfermera<\/a><\/span><\/h3>\n<\/li>\n<li>\n<h3 class=\"title-new\"><a href=\"https:\/\/www.lasexta.com\/programas\/sexta-columna\/noticias\/contratos-basura-si-trabajas-con-la-basura-mal-salario-malas-condiciones-malos-olores-y-riesgo-a-pincharse-con-agujas_20210305604273d59d3d150001c86b19.html\"><span style=\"color: #008000;\">El duro testimonio de las personas que trabajan en plantas de reciclaje: hasta se han pinchado con agujas usadas<\/span><\/a><\/h3>\n<\/li>\n<li>\n<h3><span style=\"color: #008000;\"><a style=\"color: #008000;\" href=\"https:\/\/www.hoac.es\/tu\/2020\/10\/nominada-para-el-despido\/\">Nominada para el despido<\/a><\/span><\/h3>\n<\/li>\n<li>\n<h3><span style=\"color: #008000;\"><a style=\"color: #008000;\" href=\"https:\/\/dpt.archimadrid.es\/wp-content\/uploads\/2021\/02\/XXV-webinario-CERMI.-El-teletrabajo-pone-en-evidencia-los-retos-de-las-mujeres-con-discacidad-y-madresy-cuidadoras-de-familiares-con-discapacidad.pdf\">El teletrabajo pone en evidencia los retos de las mujeres con discapacidad y madres y cuidadoras de familiares con discapacidad<\/a><\/span><\/h3>\n<\/li>\n<li>\n<h3><span style=\"color: #0000ff;\"><a style=\"color: #0000ff;\" href=\"https:\/\/dpt.archimadrid.es\/wp-content\/uploads\/2009\/09\/Forzaron-mi-dimisi\u00f3n-quit\u00e1ndonos-cosas-tan-b\u00e1sicas-como-el-ec\u00f3grafo-de-urgencias-testimonios.pdf\">\u00abForzaron mi dimisi\u00f3n quit\u00e1ndonos cosas tan b\u00e1sicas como el ec\u00f3grafo de urgencias\u00bb<\/a><\/span><\/h3>\n<\/li>\n<li>\n<h3><span style=\"color: #0000ff;\"><a style=\"color: #0000ff;\" href=\"https:\/\/dpt.archimadrid.es\/wp-content\/uploads\/2009\/09\/testimonios-En-este-matadero-de-Espa\u00f1a-los-trabajadores-se-mean-encima-porque-no-pueden-ausentarse.pdf\">En este matadero de Espa\u00f1a &#8216;los trabajadores se mean encima porque no pueden ausentarse&#8217;<\/a><\/span><\/h3>\n<\/li>\n<li>\n<h3><span style=\"color: #0000ff;\"><a style=\"color: #0000ff;\" href=\"https:\/\/dpt.archimadrid.es\/wp-content\/uploads\/2009\/09\/testimonios-Un-trabajador-alicantino-pasa-por-tres-expedientes-del-Fogasa-en-cinco-a\u00f1os.pdf\">Un trabajador alicantino pasa por tres expedientes del Fogasa en cinco a\u00f1os<\/a><\/span><\/h3>\n<\/li>\n<li>\n<h3><span style=\"color: #ff0000;\"><a style=\"color: #ff0000;\" href=\"https:\/\/dpt.archimadrid.es\/wp-content\/uploads\/2009\/11\/Carta-al-presidente-de-la-CEOE.pdf\" rel=\"\">Carta al presidente de la CEOE<\/a><\/span><\/h3>\n<\/li>\n<li>\n<h3><span style=\"color: #ff0000;\"><a style=\"color: #ff0000;\" href=\"https:\/\/dpt.archimadrid.es\/wp-content\/uploads\/2009\/11\/La-Oficina-Precaria-del-15-M-en-Berl\u00edn-ayuda-a-los-emigrados-espa\u00f1oles-frente-a-la-explotaci\u00f3n.pdf\" rel=\"\">La Oficina Precaria del 15-M en Berl\u00edn ayuda a los emigrados espa\u00f1oles frente a la explotaci\u00f3n<\/a><\/span><\/h3>\n<\/li>\n<li>\n<h3><span style=\"color: #ff0000;\"><a style=\"color: #ff0000;\" href=\"https:\/\/dpt.archimadrid.es\/wp-content\/uploads\/2009\/11\/Trabajando-en-otros-paises.-testimonios.pdf\">Trabajando en otros paises.<\/a><\/span><\/h3>\n<\/li>\n<\/ul>\n","protected":false},"excerpt":{"rendered":"<p>La inc\u00f3gnita del trabajo en la generaci\u00f3n X &#8211; Jos\u00e9 Luis Palacios &#8211; HOAC El mundo del arte y la cultura &#8211; \u00c1lvaro Mota &#8211; Profesionales Cristianos La &#8216;extra&#8217; de Mercadona triplica el sueldo medio de una enfermera El duro testimonio de las personas que trabajan en plantas de reciclaje: hasta se han pinchado con <a href='https:\/\/dpt.archimadrid.es\/?page_id=373' class='excerpt-more'>[&#8230;]<\/a><\/p>\n","protected":false},"author":2,"featured_media":0,"parent":20,"menu_order":2,"comment_status":"closed","ping_status":"closed","template":"","meta":{"_monsterinsights_skip_tracking":false,"_monsterinsights_sitenote_active":false,"_monsterinsights_sitenote_note":"","_monsterinsights_sitenote_category":0,"ngg_post_thumbnail":0},"jetpack_sharing_enabled":true,"jetpack_shortlink":"https:\/\/wp.me\/P4zdxX-61","_links":{"self":[{"href":"https:\/\/dpt.archimadrid.es\/index.php?rest_route=\/wp\/v2\/pages\/373"}],"collection":[{"href":"https:\/\/dpt.archimadrid.es\/index.php?rest_route=\/wp\/v2\/pages"}],"about":[{"href":"https:\/\/dpt.archimadrid.es\/index.php?rest_route=\/wp\/v2\/types\/page"}],"author":[{"embeddable":true,"href":"https:\/\/dpt.archimadrid.es\/index.php?rest_route=\/wp\/v2\/users\/2"}],"replies":[{"embeddable":true,"href":"https:\/\/dpt.archimadrid.es\/index.php?rest_route=%2Fwp%2Fv2%2Fcomments&post=373"}],"version-history":[{"count":23,"href":"https:\/\/dpt.archimadrid.es\/index.php?rest_route=\/wp\/v2\/pages\/373\/revisions"}],"predecessor-version":[{"id":11219,"href":"https:\/\/dpt.archimadrid.es\/index.php?rest_route=\/wp\/v2\/pages\/373\/revisions\/11219"}],"up":[{"embeddable":true,"href":"https:\/\/dpt.archimadrid.es\/index.php?rest_route=\/wp\/v2\/pages\/20"}],"wp:attachment":[{"href":"https:\/\/dpt.archimadrid.es\/index.php?rest_route=%2Fwp%2Fv2%2Fmedia&parent=373"}],"curies":[{"name":"wp","href":"https:\/\/api.w.org\/{rel}","templated":true}]}}