{"id":419,"date":"2009-09-21T13:53:43","date_gmt":"2009-09-21T11:53:43","guid":{"rendered":"http:\/\/www.archimadrid.es\/dpt\/?page_id=419"},"modified":"2021-01-14T12:52:39","modified_gmt":"2021-01-14T11:52:39","slug":"enlaces","status":"publish","type":"page","link":"https:\/\/dpt.archimadrid.es\/?page_id=419","title":{"rendered":"Enlaces"},"content":{"rendered":"<h4 style=\"padding-left: 60px;\"><span style=\"color: #008000;\">A<\/span><\/h4>\n<h4 style=\"padding-left: 60px;\"><strong><a href=\"http:\/\/www.accioncatolicageneral.es\/\"><span style=\"color: #ff0000;\">ACCI\u00d3N CAT\u00d3LICA (ACG)<\/span><\/a><\/strong><\/h4>\n<h4 style=\"padding-left: 60px;\"><strong><a href=\"https:\/\/alandar.org\/\"><span style=\"color: #ff0000;\">ALANDAR<\/span><\/a><\/strong><\/h4>\n<h4 style=\"padding-left: 60px;\"><strong><span style=\"color: #ff0000;\"><a href=\"https:\/\/alfayomega.es\/\"><span style=\"color: #ff0000;\">ALFA Y OMEGA<\/span><\/a><br \/>\n<\/span><\/strong><\/h4>\n<h4 style=\"padding-left: 60px;\"><strong><span style=\"color: #993366;\"><a href=\"https:\/\/www.archimadrid.org\"><span style=\"color: #ff0000;\">ARZOBISPADO DE MADRID<\/span><\/a><\/span><\/strong><\/h4>\n<h3 style=\"padding-left: 60px;\"><strong><span style=\"color: #008000;\"><span style=\"text-decoration: underline;\">C<\/span><\/span><\/strong><\/h3>\n<h4 style=\"padding-left: 60px;\"><strong><a href=\"https:\/\/www.ciudadredonda.org\/\"><span style=\"color: #ff0000;\">CIUDAD REDONDA<\/span><\/a><\/strong><\/h4>\n<h4 style=\"padding-left: 60px;\"><strong><span style=\"color: #993366;\"><a href=\"https:\/\/conferenciaepiscopal.es\/\"><span style=\"color: #ff0000;\">CONFERENCIA EPISCOPAL ESPA\u00d1OLA<\/span><\/a><\/span><\/strong><\/h4>\n<h4 style=\"padding-left: 60px;\"><strong><span style=\"color: #993366;\"><span style=\"color: #ff0000;\"><span style=\"color: #ff0000;\">APOSTOLADO SEGLAR, MADRID<\/span><\/span><\/span><\/strong><\/h4>\n<h4 style=\"padding-left: 60px;\"><a href=\"https:\/\/blog.cristianismeijusticia.net\/\"><span style=\"color: #ff0000;\">CRISTIANISMO Y JUSTICIA<\/span><\/a><\/h4>\n<h3 style=\"padding-left: 60px;\"><strong><span style=\"text-decoration: underline;\"><span style=\"color: #008000; text-decoration: underline;\">D<\/span><\/span><\/strong><\/h3>\n<h4 style=\"padding-left: 60px;\"><a href=\"https:\/\/www.elsaltodiario.com\/\"><strong><span style=\"color: #ff0000;\">PERI\u00d3DICO DIAGONAL \/ Ahora El Salto<\/span><\/strong><\/a><\/h4>\n<h3 style=\"padding-left: 60px;\"><span style=\"color: #008000;\"><span style=\"text-decoration: underline;\"><strong>E<\/strong><\/span><\/span><\/h3>\n<h4 style=\"padding-left: 60px;\"><strong><span style=\"color: #993366;\"><span style=\"color: #ff0000;\"><span style=\"color: #ff0000;\"><a href=\"http:\/\/www.ciberiglesia.net\/principal.htm\"><span style=\"color: #ff0000;\">ECLESALIA<\/span><\/a><\/span><\/span><\/span><\/strong><\/h4>\n<h4 style=\"padding-left: 60px;\"><strong><span style=\"color: #993366;\"><span style=\"color: #ff0000;\"><span style=\"color: #ff0000;\"><span style=\"color: #ff0000;\"><span style=\"color: #ff0000;\">ECOE (Equipo de Comunicaci\u00f3n Educativa)<\/span><br \/>\n<\/span><\/span><\/span><\/span><\/strong><\/h4>\n<h4 style=\"padding-left: 60px;\"><strong><a href=\"https:\/\/nando-elperegrino.blogspot.com\/\"><span style=\"color: #ff0000;\">EL PEREGRINO &#8211; Blog de Fernando D\u00edaz<\/span><\/a><\/strong><\/h4>\n<h3 style=\"padding-left: 60px;\"><span style=\"text-decoration: underline;\"><span style=\"color: #008000; text-decoration: underline;\"><strong>F<\/strong><\/span><\/span><\/h3>\n<h4 style=\"padding-left: 60px;\"><strong><span style=\"color: #ff0000;\"><span style=\"color: #ff0000;\"><a href=\"https:\/\/www.feadulta.com\/es\/\"><span style=\"color: #ff0000;\">FE ADULTA<\/span><\/a><\/span><br \/>\n<\/span><\/strong><\/h4>\n<h3 style=\"padding-left: 60px;\"><span style=\"color: #008000;\"><span style=\"text-decoration: underline;\"><strong>H<\/strong><\/span><\/span><\/h3>\n<h4 style=\"padding-left: 60px;\"><strong><span style=\"color: #993366;\"><a href=\"https:\/\/www.hoac.es\/\"><span style=\"color: #ff0000;\">HERMANDAD DE ACCI\u00d3N CAT\u00d3LICA OBRERA (HOAC-Madrid)<\/span><\/a><\/span><\/strong><\/h4>\n<h4 style=\"padding-left: 60px;\"><strong><span style=\"color: #993366;\"><span style=\"color: #ff0000;\"><span style=\"color: #ff0000;\">HOAC &#8211; CANARIAS<\/span><br \/>\n<\/span><\/span><\/strong><\/h4>\n<h4 style=\"padding-left: 60px;\"><strong><span style=\"color: #993366;\"><a href=\"https:\/\/hhtmadrid.com\/\"><span style=\"color: #ff0000;\">HERMANDADES DEL TRABAJO (HHT)<\/span><\/a><\/span><\/strong><\/h4>\n<h3 style=\"padding-left: 60px;\"><strong><span style=\"color: #008000;\"><span style=\"text-decoration: underline;\">I<\/span><\/span><\/strong><\/h3>\n<h4 style=\"padding-left: 60px;\"><span style=\"color: #ff0000;\"><a style=\"color: #ff0000;\" href=\"https:\/\/www.archimadrid.org\/index.php\/oficina-de-informacion\/boletin-infomadrid\"><strong>INFOMADRID<\/strong><\/a><\/span><\/h4>\n<h4 style=\"padding-left: 60px;\"><strong><span style=\"color: #ff0000;\"><a href=\"https:\/\/iviva.org\/\"><span style=\"color: #ff0000;\">IGLESIA VIVA<\/span><\/a><br \/>\n<\/span><\/strong><\/h4>\n<h3 style=\"padding-left: 60px;\"><span style=\"color: #008000;\"><span style=\"text-decoration: underline;\"><strong>J<\/strong><br \/>\n<\/span><\/span><\/h3>\n<h4 style=\"padding-left: 60px;\"><strong><span style=\"color: #993366;\"><a href=\"https:\/\/www.juspax-es.org\/en\/\"><span style=\"color: #ff0000;\">JUSTICIA Y PAZ &#8211; Nacional<\/span><\/a><\/span><\/strong><\/h4>\n<h4 style=\"padding-left: 60px;\"><strong><span style=\"color: #993366;\"><a href=\"https:\/\/www.juspax-es.org\/en\/\"><span style=\"color: #ff0000;\">JUSTICIA Y PAZ &#8211; Madrid<\/span><\/a><br \/>\n<\/span><\/strong><\/h4>\n<h4 style=\"padding-left: 60px;\"><strong><span style=\"color: #993366;\"><a href=\"https:\/\/www.joc.es\/ \"><span style=\"color: #ff0000;\">JUVENTUD OBRERA CAT\u00d3LICA (JOC)<\/span><\/a><\/span><\/strong><\/h4>\n<h3 style=\"padding-left: 60px;\"><strong><span style=\"color: #008000;\"><span style=\"text-decoration: underline;\">P<\/span><\/span><\/strong><\/h3>\n<h4 style=\"padding-left: 60px;\"><strong><a href=\"http:\/\/pastoralobreraterrassa.blogspot.com\/\"><span style=\"color: #ff0000;\">PASTORAL OBRERA &#8211; Barcelona (Terrassa)<\/span><\/a><\/strong><\/h4>\n<h4 style=\"padding-left: 60px;\"><strong><a href=\"http:\/\/www.bizkeliza.org\/pastoral\/caridad-y-justicia\/pastoral-obrera\/\"><span style=\"color: #ff0000;\">PASTORAL OBRERA &#8211; Bilbao<\/span><\/a><\/strong><\/h4>\n<h4 style=\"padding-left: 60px;\"><strong><span style=\"color: #ff0000;\"><a href=\"https:\/\/www.archiburgos.es\/organismos\/pastoral-obrera\/\"><span style=\"color: #ff0000;\">PASTORAL OBRERA &#8211; Burgos<\/span><\/a><\/span><\/strong><\/h4>\n<h4 style=\"padding-left: 60px;\"><strong><a href=\"https:\/\/www.diocesisciudadreal.es\/delegaciones\/pastoral-obrera.html\"><span style=\"color: #ff0000;\">PASTORAL OBRERA &#8211; Ciudad Real<\/span><\/a><\/strong><\/h4>\n<h4 style=\"padding-left: 60px;\"><strong><a href=\"http:\/\/diocesisdejaen.es\/category\/vida-diocesana\/pastoral-obrera\/\"><span style=\"color: #ff0000;\">PASTORAL OBRERA &#8211; Ja\u00e9n<\/span><\/a><\/strong><\/h4>\n<h4 style=\"padding-left: 60px;\"><strong><span style=\"color: #ff0000;\">PASTORAL OBRERA &#8211; M\u00e1laga<\/span><\/strong><\/h4>\n<h4 style=\"padding-left: 60px;\"><strong><a href=\"https:\/\/sites.google.com\/site\/cristianosyobreros\/\"><span style=\"color: #ff0000;\">PASTORAL OBRERA &#8211; Valladolid<\/span><\/a><\/strong><\/h4>\n<h4 style=\"padding-left: 60px;\"><strong><a href=\"https:\/\/www.archisevilla.org\/delegaciones\/pastoral-obrera\/\"><span style=\"color: #ff0000;\">PASTORAL OBRERA &#8211; Sevilla<\/span><\/a><\/strong><\/h4>\n<h4 style=\"padding-left: 60px;\"><strong><a href=\"https:\/\/en-gb.facebook.com\/Pastoral-Obrera-Zaragoza-530149814115185\/\"><span style=\"color: #ff0000;\">PASTORAL OBRERA &#8211; Zaragoza<\/span><\/a><\/strong><\/h4>\n<h3 style=\"padding-left: 60px;\"><strong><span style=\"color: #008000;\"><span style=\"text-decoration: underline;\">R<\/span><\/span><\/strong><\/h3>\n<h4 style=\"padding-left: 60px;\"><strong><strong><a href=\"http:\/\/radiobauru.eguiluz.org\/\"><span style=\"color: #ff0000;\">RADIO BAUR\u00da<\/span><\/a><\/strong><\/strong><\/h4>\n<h4 style=\"padding-left: 60px;\"><strong><span style=\"color: #ff0000;\"><a href=\"https:\/\/www.religiondigital.org\/\"><span style=\"color: #ff0000;\">RELIGI\u00d3N DIGITAL<\/span><\/a><\/span><\/strong><\/h4>\n<h4 style=\"padding-left: 60px;\"><strong><a href=\"https:\/\/www.21rs.es\/\"><span style=\"color: #ff0000;\">REVISTA 21 rs<\/span><\/a><\/strong><\/h4>\n<h4 style=\"padding-left: 60px;\"><strong><a href=\"https:\/\/www.revistaecclesia.com\/\"><span style=\"color: #ff0000;\">REVISTA Ecclesia<\/span><\/a><\/strong><\/h4>\n<h4 style=\"padding-left: 60px;\"><strong><a href=\"https:\/\/www.revistautopia.org\/\"><span style=\"color: #ff0000;\">REVISTA Utop\u00eda<\/span><\/a><\/strong><\/h4>\n<h4 style=\"padding-left: 60px;\"><strong><a href=\"https:\/\/www.vidanuevadigital.com\/\"><span style=\"color: #ff0000;\">REVISTA Vida Nueva<\/span><\/a><\/strong><\/h4>\n<h3 style=\"padding-left: 60px;\"><strong><span style=\"color: #008000;\"><span style=\"text-decoration: underline;\">S<\/span><\/span><\/strong><\/h3>\n<h4 style=\"padding-left: 60px;\"><a href=\"https:\/\/madrid.ccoo.es\/\"><strong><span style=\"color: #993366;\"><span style=\"color: #ff0000;\"><span style=\"color: #ff0000;\">SINDICATO CCOO-Madrid<\/span><\/span><\/span><\/strong><\/a><\/h4>\n<h4 style=\"padding-left: 60px;\"><strong><span style=\"color: #993366;\"><span style=\"color: #ff0000;\"><a href=\"https:\/\/cgt.org.es\/\"><span style=\"color: #ff0000;\">SINDICATO CGT<\/span><\/a><br \/>\n<\/span><\/span><\/strong><\/h4>\n<h4 style=\"padding-left: 60px;\"><strong><span style=\"color: #993366;\"><span style=\"color: #ff0000;\"><a href=\"https:\/\/www.ugt.es\/\"><span style=\"color: #ff0000;\">SINDICATO UGT<\/span><\/a><\/span><\/span><\/strong><\/h4>\n<h4 style=\"padding-left: 60px;\"><span style=\"color: #993366;\"><span style=\"color: #ff0000;\"><strong><a href=\"https:\/\/www.uso.es\/\"><span style=\"color: #ff0000;\">SINDICATO USO<\/span><\/a><br \/>\n<\/strong><\/span><\/span><\/h4>\n<p style=\"padding-left: 60px;\">&nbsp;<\/p>\n","protected":false},"excerpt":{"rendered":"<p>A ACCI\u00d3N CAT\u00d3LICA (ACG) ALANDAR ALFA Y OMEGA ARZOBISPADO DE MADRID C CIUDAD REDONDA CONFERENCIA EPISCOPAL ESPA\u00d1OLA APOSTOLADO SEGLAR, MADRID CRISTIANISMO Y JUSTICIA D PERI\u00d3DICO DIAGONAL \/ Ahora El Salto E ECLESALIA ECOE (Equipo de Comunicaci\u00f3n Educativa) EL PEREGRINO &#8211; Blog de Fernando D\u00edaz F FE ADULTA H HERMANDAD DE ACCI\u00d3N CAT\u00d3LICA OBRERA (HOAC-Madrid) HOAC <a href='https:\/\/dpt.archimadrid.es\/?page_id=419' class='excerpt-more'>[&#8230;]<\/a><\/p>\n","protected":false},"author":1,"featured_media":0,"parent":0,"menu_order":2,"comment_status":"closed","ping_status":"closed","template":"","meta":{"_monsterinsights_skip_tracking":false,"_monsterinsights_sitenote_active":false,"_monsterinsights_sitenote_note":"","_monsterinsights_sitenote_category":0,"ngg_post_thumbnail":0},"jetpack_sharing_enabled":true,"jetpack_shortlink":"https:\/\/wp.me\/P4zdxX-6L","_links":{"self":[{"href":"https:\/\/dpt.archimadrid.es\/index.php?rest_route=\/wp\/v2\/pages\/419"}],"collection":[{"href":"https:\/\/dpt.archimadrid.es\/index.php?rest_route=\/wp\/v2\/pages"}],"about":[{"href":"https:\/\/dpt.archimadrid.es\/index.php?rest_route=\/wp\/v2\/types\/page"}],"author":[{"embeddable":true,"href":"https:\/\/dpt.archimadrid.es\/index.php?rest_route=\/wp\/v2\/users\/1"}],"replies":[{"embeddable":true,"href":"https:\/\/dpt.archimadrid.es\/index.php?rest_route=%2Fwp%2Fv2%2Fcomments&post=419"}],"version-history":[{"count":9,"href":"https:\/\/dpt.archimadrid.es\/index.php?rest_route=\/wp\/v2\/pages\/419\/revisions"}],"predecessor-version":[{"id":10982,"href":"https:\/\/dpt.archimadrid.es\/index.php?rest_route=\/wp\/v2\/pages\/419\/revisions\/10982"}],"wp:attachment":[{"href":"https:\/\/dpt.archimadrid.es\/index.php?rest_route=%2Fwp%2Fv2%2Fmedia&parent=419"}],"curies":[{"name":"wp","href":"https:\/\/api.w.org\/{rel}","templated":true}]}}