{"id":4328,"date":"2011-07-07T09:33:38","date_gmt":"2011-07-07T09:33:38","guid":{"rendered":"http:\/\/www.archimadrid.es\/dpt2\/?page_id=4328"},"modified":"2021-05-28T12:42:49","modified_gmt":"2021-05-28T11:42:49","slug":"tu-periodico-de-la-hoac","status":"publish","type":"page","link":"https:\/\/dpt.archimadrid.es\/?page_id=4328","title":{"rendered":"T\u00fa (Peri\u00f3dico de la HOAC)"},"content":{"rendered":"<h2>2021<\/h2>\n<ul>\n<li>\n<h3><span style=\"color: #008000;\"><a style=\"color: #008000;\" href=\"https:\/\/www.hoac.es\/tu\/\">T\u00fa 201 &#8211; So\u00f1ar en com\u00fan una nueva humanidad<\/a><\/span><\/h3>\n<\/li>\n<li>\n<h3><span style=\"color: #008000;\"><a style=\"color: #008000;\" href=\"https:\/\/www.hoac.es\/tu\/\">T\u00fa 200 &#8211; La desigualdad que no cesa<\/a><\/span><\/h3>\n<\/li>\n<\/ul>\n<h2>&nbsp;<\/h2>\n<h2>2020<\/h2>\n<ul>\n<li>\n<h3><span style=\"color: #0000ff;\"><a style=\"color: #0000ff;\" href=\"https:\/\/www.hoac.es\/tu\/2020\/11\/nadie-se-salva-solo\/\">T\u00fa 199 &#8211; Fraterna casa com\u00fan<\/a><br \/>\n<\/span><\/h3>\n<\/li>\n<li>\n<h3><span style=\"color: #0000ff;\"><a style=\"color: #0000ff;\" href=\"https:\/\/www.hoac.es\/2020\/09\/30\/tu-198-muevete-por-el-trabajo-decente\/\">T\u00fa 198 &#8211; Mu\u00e9vete por el trabajo decente<\/a><\/span><\/h3>\n<\/li>\n<li>\n<h3><span style=\"color: #0000ff;\"><a style=\"color: #0000ff;\" href=\"https:\/\/www.hoac.es\/tu\/2020\/05\/hay-otra-salida\/\">T\u00fa 197 &#8211; Resetear el sistema<\/a><\/span><\/h3>\n<\/li>\n<li>\n<h3><span style=\"color: #0000ff;\"><a style=\"color: #0000ff;\" href=\"https:\/\/www.hoac.es\/tu\/2020\/04\/trabajo-digno-2\/\">T\u00fa 196 &#8211; Trabajo digno con pol\u00edticas diferentes<\/a><\/span><\/h3>\n<\/li>\n<li>\n<h3><a href=\"https:\/\/www.hoac.es\/tu\/2020\/01\/igualdad\/\"><span style=\"color: #0000ff;\">T\u00fa 195 &#8211; Igualdad<\/span><\/a><\/h3>\n<\/li>\n<\/ul>\n<h2>&nbsp;<\/h2>\n<h2><span style=\"color: #ff0000;\">2019<\/span><\/h2>\n<ul>\n<li>\n<h3><span style=\"color: #ff0000;\"><a style=\"color: #ff0000;\" href=\"https:\/\/www.hoac.es\/tu\/2019\/12\/conversion\/\">T\u00fa 194 &#8211; En salida<\/a>&nbsp;<\/span><\/h3>\n<\/li>\n<li>\n<h3><span style=\"color: #ff0000;\"><a style=\"color: #ff0000;\" href=\"https:\/\/www.hoac.es\/tu\/tag\/193\/\">T\u00fa 193 &#8211; N\u00f3 m\u00e1s precariedad<\/a><\/span><\/h3>\n<\/li>\n<li>\n<h3><span style=\"color: #ff0000;\"><a style=\"color: #ff0000;\" href=\"https:\/\/www.hoac.es\/tu\/2019\/05\/sumando-alternativas\/\">T\u00fa 192 &#8211; Econom\u00eda decente<\/a><\/span><span style=\"color: #ff0000;\"><br \/>\n<\/span><\/h3>\n<\/li>\n<li>\n<h3><span style=\"color: #ff0000;\"><a style=\"color: #ff0000;\" href=\"https:\/\/www.hoac.es\/tu\/2019\/03\/resurreccion\/\">T\u00fa 191 \u2013 Se tu el cambio<\/a><br \/>\n<\/span><\/h3>\n<\/li>\n<\/ul>\n<h2>&nbsp;<\/h2>\n<p><span style=\"color: #ffffff;\">&#8212;&#8212;&#8212;&#8212;&#8212;-<\/span><\/p>\n<h3>M\u00e1s informaci\u00f3n sobre el mundo del trabajo en <a href=\"http:\/\/www.hoac.es\/\">Hermandad Obrera de Acci\u00f3n Cat\u00f3lica (HOAC)<\/a><\/h3>\n","protected":false},"excerpt":{"rendered":"<p>2021 T\u00fa 201 &#8211; So\u00f1ar en com\u00fan una nueva humanidad T\u00fa 200 &#8211; La desigualdad que no cesa &nbsp; 2020 T\u00fa 199 &#8211; Fraterna casa com\u00fan T\u00fa 198 &#8211; Mu\u00e9vete por el trabajo decente T\u00fa 197 &#8211; Resetear el sistema T\u00fa 196 &#8211; Trabajo digno con pol\u00edticas diferentes T\u00fa 195 &#8211; Igualdad &nbsp; 2019 T\u00fa <a href='https:\/\/dpt.archimadrid.es\/?page_id=4328' class='excerpt-more'>[&#8230;]<\/a><\/p>\n","protected":false},"author":1,"featured_media":0,"parent":6,"menu_order":0,"comment_status":"closed","ping_status":"closed","template":"","meta":{"_monsterinsights_skip_tracking":false,"_monsterinsights_sitenote_active":false,"_monsterinsights_sitenote_note":"","_monsterinsights_sitenote_category":0,"ngg_post_thumbnail":0},"jetpack_sharing_enabled":true,"jetpack_shortlink":"https:\/\/wp.me\/P4zdxX-17O","_links":{"self":[{"href":"https:\/\/dpt.archimadrid.es\/index.php?rest_route=\/wp\/v2\/pages\/4328"}],"collection":[{"href":"https:\/\/dpt.archimadrid.es\/index.php?rest_route=\/wp\/v2\/pages"}],"about":[{"href":"https:\/\/dpt.archimadrid.es\/index.php?rest_route=\/wp\/v2\/types\/page"}],"author":[{"embeddable":true,"href":"https:\/\/dpt.archimadrid.es\/index.php?rest_route=\/wp\/v2\/users\/1"}],"replies":[{"embeddable":true,"href":"https:\/\/dpt.archimadrid.es\/index.php?rest_route=%2Fwp%2Fv2%2Fcomments&post=4328"}],"version-history":[{"count":16,"href":"https:\/\/dpt.archimadrid.es\/index.php?rest_route=\/wp\/v2\/pages\/4328\/revisions"}],"predecessor-version":[{"id":11350,"href":"https:\/\/dpt.archimadrid.es\/index.php?rest_route=\/wp\/v2\/pages\/4328\/revisions\/11350"}],"up":[{"embeddable":true,"href":"https:\/\/dpt.archimadrid.es\/index.php?rest_route=\/wp\/v2\/pages\/6"}],"wp:attachment":[{"href":"https:\/\/dpt.archimadrid.es\/index.php?rest_route=%2Fwp%2Fv2%2Fmedia&parent=4328"}],"curies":[{"name":"wp","href":"https:\/\/api.w.org\/{rel}","templated":true}]}}