{"id":592,"date":"2009-10-02T12:33:21","date_gmt":"2009-10-02T10:33:21","guid":{"rendered":"http:\/\/dpt.archimadrid.es\/?page_id=592"},"modified":"2021-03-02T15:46:45","modified_gmt":"2021-03-02T14:46:45","slug":"doctrina-social-de-la-iglesia","status":"publish","type":"page","link":"https:\/\/dpt.archimadrid.es\/?page_id=592","title":{"rendered":"Doctrina Social de la Iglesia"},"content":{"rendered":"<h4><span style=\"color: #0000ff;\">Es la actualizaci\u00f3n del Evangelio en materia social;<\/span><\/h4>\n<h4><span style=\"color: #0000ff;\">Ofrece principios de reflexi\u00f3n, criterios de juicio y orientaciones y propuestas para la acci\u00f3n;<\/span><\/h4>\n<h4><span style=\"color: #0000ff;\">Es un instrumento para la evangelizaci\u00f3n;<\/span><\/h4>\n<h4><span style=\"color: #0000ff;\">Su conocimiento y puesta en pr\u00e1ctica es una prioridad pastoral;<\/span><\/h4>\n<h4><span style=\"color: #0000ff;\">Ofrece un proyecto de humanizaci\u00f3n;<\/span><\/h4>\n<h4><span style=\"color: #0000ff;\">Es un instrumento especialmente necesario para los laicos.<\/span><\/h4>\n<h4 style=\"text-align: right;\"><strong><span style=\"color: #008000;\">(Compendio de la Doctrina Social de la Iglesia 7-19)<\/span><\/strong><\/h4>\n<h4><span style=\"color: #ffffff;\">&#8212;&#8212;&#8212;&#8212;&#8212;&#8212;&#8212;&#8212;&#8212;&#8212;&#8212;&#8212;-<\/span><\/h4>\n<h4><span style=\"color: #0000ff;\">\u201cIncumbe a las comunidades cristianas analizar con objetividad la situaci\u00f3n propia de su pa\u00eds, esclarecerla mediante la luz de la palabra inalterable del Evangelio, deducir principios de reflexi\u00f3n, normas de juicio y directrices de acci\u00f3n seg\u00fan las ense\u00f1anzas sociales de la Iglesia (&#8230;) A estas comunidades cristianas toca discernir, con la ayuda del Esp\u00edritu Santo (&#8230;) las opciones y los compromisos que conviene asumir para realizar las transformaciones sociales, pol\u00edticas y econ\u00f3micas que se consideren de urgente necesidad en cada caso.\u201d<\/span><\/h4>\n<h4 style=\"text-align: right;\"><span style=\"color: #008000;\"><strong>(Pablo VI, \u00abOctogesima Adveniens\u00bb, 4)<\/strong><\/span><\/h4>\n<h3><span style=\"color: #ffffff;\">&#8212;&#8212;&#8212;&#8212;&#8212;&#8212;&#8212;&#8212;&#8212;-<\/span><\/h3>\n<h3><strong><span style=\"color: #ff0000;\">DOCUMENTOS PAPALES (de la A a la Z)<br \/>\n<\/span><\/strong><\/h3>\n<h4 style=\"text-align: left;\"><span style=\"color: #0000ff;\"><strong><span style=\"text-decoration: underline;\"><a style=\"color: #0000ff; text-decoration: underline;\" href=\"http:\/\/w2.vatican.va\/content\/dam\/francesco\/pdf\/apost_exhortations\/documents\/papa-francesco_esortazione-ap_20160319_amoris-laetitia_sp.pdf\"><span style=\"color: #0000ff; text-decoration: underline;\">Amoris Laetitia <\/span><\/a><span style=\"color: #0000ff; text-decoration: underline;\"><a style=\"color: #0000ff; text-decoration: underline;\" href=\"https:\/\/dpt.archimadrid.es\/wp-content\/uploads\/2009\/10\/Caritas-in-veritate.pdf\">\/ Caritas in Veritate<\/a> \/ <a style=\"color: #0000ff; text-decoration: underline;\" href=\"http:\/\/w2.vatican.va\/content\/francesco\/es\/letters\/2020\/documents\/papa-francesco_20200412_lettera-movimentipopolari.html\">Carta del Santo Padre Francisco a los Movimientos Populares<\/a>&nbsp; \/ <a style=\"color: #0000ff; text-decoration: underline;\" href=\"http:\/\/w2.vatican.va\/content\/francesco\/es\/letters\/2017\/documents\/papa-francesco_20170508_lettera-plenaria-celam.html\">Carta del Santo Padre Francisco a los participantes en la XXXVI Asamblea General del Consejo Episcopal Latinoamericano (CELAM)<\/a> \/&nbsp; <a style=\"color: #0000ff; text-decoration: underline;\" href=\"http:\/\/w2.vatican.va\/content\/francesco\/es\/letters\/2019\/documents\/papa-francesco_20190501_giovani-imprenditori.html\">Carta del Santo Padre Francisco para el encuentro \u00abEconomy of Francesco\u00bb<\/a> \/ <a style=\"color: #0000ff; text-decoration: underline;\" href=\"https:\/\/dpt.archimadrid.es\/wp-content\/uploads\/2009\/10\/Centesimus-Annus.pdf\">Centesimus Annus<\/a> \/ <\/span><\/span><\/strong><strong><span style=\"text-decoration: underline;\"><a style=\"color: #0000ff; text-decoration: underline;\" href=\"https:\/\/dpt.archimadrid.es\/wp-content\/uploads\/2009\/10\/Christi-Fideles1.pdf\">Christi Fideles Laici<\/a> \/ <a style=\"color: #0000ff; text-decoration: underline;\" href=\"http:\/\/www.vatican.va\/content\/francesco\/es\/apost_exhortations\/documents\/papa-francesco_esortazione-ap_20190325_christus-vivit.html\">Christus Vivit<\/a> \/ <a style=\"color: #0000ff; text-decoration: underline;\" href=\"https:\/\/dpt.archimadrid.es\/wp-content\/uploads\/2009\/10\/DEUS-CARITAS-EST2.pdf\">Deus Caritas Est<\/a> \/ <a style=\"color: #0000ff; text-decoration: underline;\" href=\"https:\/\/dpt.archimadrid.es\/wp-content\/uploads\/2009\/10\/EXHORTACI\u00d3N-APOST\u00d3LICA-Evangelii-Gaudium.pdf\">Evangelii Gaudium<\/a> \/ <a style=\"color: #0000ff; text-decoration: underline;\" href=\"https:\/\/dpt.archimadrid.es\/wp-content\/uploads\/2009\/10\/Evangelium-Vitae3.pdf\">Evangelium Vitae<\/a> \/ <a style=\"color: #0000ff; text-decoration: underline;\" href=\"https:\/\/dpt.archimadrid.es\/wp-content\/uploads\/2009\/10\/Familiaris-Consortio1.pdf\">Familiaris Consortio<\/a> \/<span style=\"color: #0000ff; text-decoration: underline;\"><a style=\"color: #0000ff; text-decoration: underline;\" href=\"http:\/\/www.vatican.va\/content\/francesco\/es\/encyclicals\/documents\/papa-francesco_20201003_enciclica-fratelli-tutti.html\">Fratelli Tutti<\/a> <\/span>\/<a style=\"color: #0000ff; text-decoration: underline;\" href=\"http:\/\/www.vatican.va\/content\/francesco\/es\/apost_exhortations\/documents\/papa-francesco_esortazione-ap_20180319_gaudete-et-exsultate.html\">Gaudete et Exultat<\/a>e \/ <a style=\"color: #0000ff; text-decoration: underline;\" href=\"https:\/\/dpt.archimadrid.es\/wp-content\/uploads\/2009\/10\/Gaudium-et-Spes1.pdf\">Gaudium et Spes<\/a> \/ <a style=\"color: #0000ff; text-decoration: underline;\" href=\"https:\/\/dpt.archimadrid.es\/wp-content\/uploads\/2009\/10\/Laborem-Exercens1.pdf\">Laborem Exercens<\/a> \/&nbsp;<a style=\"color: #0000ff; text-decoration: underline;\" href=\"https:\/\/dpt.archimadrid.es\/wp-content\/uploads\/2009\/10\/Carta-Enc\u00edclica-Laudato-Si.pdf\">Laudato Si<\/a> \/ <a style=\"color: #0000ff; text-decoration: underline;\" href=\"https:\/\/dpt.archimadrid.es\/wp-content\/uploads\/2009\/10\/lumen-fidei.pdf\">Lumen Fidei<\/a> \/ <a style=\"color: #0000ff; text-decoration: underline;\" href=\"https:\/\/dpt.archimadrid.es\/wp-content\/uploads\/2009\/10\/Mater-et-Magistra1.pdf\">Mater et Magistra<\/a> \/ <a style=\"color: #0000ff; text-decoration: underline;\" href=\"http:\/\/w2.vatican.va\/content\/francesco\/es\/apost_letters\/documents\/papa-francesco-lettera-ap_20161120_misericordia-et-misera.pdf\">Misericordia et Misera<\/a> \/ <a style=\"color: #0000ff; text-decoration: underline;\" href=\"https:\/\/dpt.archimadrid.es\/wp-content\/uploads\/2009\/10\/Misericordiae-Vultus.pdf\">Misericordiae Vultus<\/a> \/ <a style=\"color: #0000ff; text-decoration: underline;\" href=\"https:\/\/dpt.archimadrid.es\/wp-content\/uploads\/2009\/10\/Octogesima-Adveniens1.pdf\">Octogesima Adveniens<\/a> \/ <a style=\"color: #0000ff; text-decoration: underline;\" href=\"https:\/\/dpt.archimadrid.es\/wp-content\/uploads\/2009\/10\/Pacem-in-terris1.pdf\">Pacem in terris<\/a> \/ <a style=\"color: #0000ff; text-decoration: underline;\" href=\"https:\/\/dpt.archimadrid.es\/wp-content\/uploads\/2009\/10\/Populorum-Progressio1.pdf\">Populorum Progressio<\/a> \/ <a style=\"color: #0000ff; text-decoration: underline;\" href=\"https:\/\/dpt.archimadrid.es\/wp-content\/uploads\/2009\/10\/Quadragesimo-Anno1.pdf\">Quadragesimo Anno <\/a>\/ <a style=\"color: #0000ff; text-decoration: underline;\" href=\"http:\/\/www.vatican.va\/content\/francesco\/es\/apost_exhortations\/documents\/papa-francesco_esortazione-ap_20200202_querida-amazonia.html\">Querida Amazonia<\/a> \/ <a style=\"color: #0000ff; text-decoration: underline;\" href=\"https:\/\/dpt.archimadrid.es\/wp-content\/uploads\/2009\/10\/Rerum-Novarum1.pdf\">Rerum Novarum<\/a> \/ <a style=\"color: #0000ff; text-decoration: underline;\" href=\"https:\/\/dpt.archimadrid.es\/wp-content\/uploads\/2009\/10\/Sollicitudo-Rei-Socialis1.pdf\">Sollicitudo Rei Socialis \/ <\/a><a style=\"color: #0000ff; text-decoration: underline;\" href=\"https:\/\/dpt.archimadrid.es\/wp-content\/uploads\/2009\/10\/Hacia-una-Nueva-Evangelizaci\u00f3n-para-la-transmisi\u00f3n-de-la-fe-cristiana.pdf\">Hacia una Nueva Evangelizaci\u00f3n para la transmisi\u00f3n de la fe cristiana (S\u00ednodo 2012) \/ <\/a><a style=\"color: #0000ff; text-decoration: underline;\" href=\"https:\/\/dpt.archimadrid.es\/wp-content\/uploads\/2009\/10\/Benedicto-XVI-Dios-al-crearnos-libres-renunci\u00f3-a-una-parte-de-su-poder.pdf\">Benedicto XVI &#8211; Dios, al crearnos libres, renunci\u00f3 a una parte de su poder<\/a><\/span><\/strong><strong><span style=\"color: #0000ff;\"> \/<\/span><br \/>\n<\/strong><\/span><\/h4>\n<h3><span style=\"color: #ffffff;\">&#8212;&#8212;&#8212;&#8212;&#8212;&#8212;&#8212;&#8212;&#8212;&#8212;<\/span><\/h3>\n<h3><strong><span style=\"color: #008000;\">DOCUMENTOS OBISPOS ESPA\u00d1OLES<\/span><\/strong><\/h3>\n<h4><span style=\"color: #b748a9;\"><span style=\"color: #993366;\"><strong><span style=\"text-decoration: underline;\"><a style=\"color: #993366; text-decoration: underline;\" href=\"https:\/\/dpt.archimadrid.es\/wp-content\/uploads\/2009\/10\/1970-Iglesia-pobres.pdf\">1970 La Iglesia y los pobres &#8211; <\/a><a style=\"color: #993366; text-decoration: underline;\" href=\"https:\/\/dpt.archimadrid.es\/wp-content\/uploads\/2009\/10\/1973-Iglesia-y-comunidad-politica1.pdf\">1973 Iglesia y comunidad pol\u00edtica &#8211; <\/a><a style=\"color: #993366; text-decoration: underline;\" href=\"https:\/\/dpt.archimadrid.es\/wp-content\/uploads\/2009\/10\/1977-Valores-morales-y-religiosos-ante-la-constitucion.pdf\">1977 Valores morales y religiosos ante la constituci\u00f3n &#8211; <\/a><a style=\"color: #993366; text-decoration: underline;\" href=\"https:\/\/dpt.archimadrid.es\/wp-content\/uploads\/2009\/10\/1984-Crisis-economica-y-responsabilidad-moral1.pdf\">1984 Crisis econ\u00f3mica y responsabilidad moral &#8211; <\/a><a style=\"color: #993366; text-decoration: underline;\" href=\"https:\/\/dpt.archimadrid.es\/wp-content\/uploads\/2009\/10\/1986-Catolicos-en-la-vida-publica1.pdf\">1986 Cat\u00f3licos en la vida p\u00fablica <\/a>&#8211;&nbsp; <a style=\"color: #993366; text-decoration: underline;\" href=\"https:\/\/dpt.archimadrid.es\/wp-content\/uploads\/2009\/10\/1986-Constructores-de-la-paz.pdf\">1986 Constructores de la paz<\/a> &#8211; <a style=\"color: #993366; text-decoration: underline;\" href=\"https:\/\/dpt.archimadrid.es\/wp-content\/uploads\/2009\/10\/1990-La-verdad-os-hara-libres.pdf\">1990 La verdad os har\u00e1 libres<\/a> &#8211; <a style=\"color: #993366; text-decoration: underline;\" href=\"https:\/\/dpt.archimadrid.es\/wp-content\/uploads\/2009\/10\/2006-Mensaje-sobre-la-familia-en-Valencia.pdf\">2006 Mensaje sobre la familia en Valencia<\/a> &#8211; <a style=\"color: #993366; text-decoration: underline;\" href=\"https:\/\/dpt.archimadrid.es\/wp-content\/uploads\/2009\/10\/Pastoral-de-las-migraciones.pdf\">Pastoral de las migraciones &#8211; <\/a><\/span><\/strong><strong><span style=\"text-decoration: underline;\"><a style=\"color: #993366; text-decoration: underline;\" href=\"https:\/\/dpt.archimadrid.es\/wp-content\/uploads\/2009\/10\/Crisis-actual-y-crisis-de-fe-Mons-A-Algora-2012.pdf\">Crisis actual y crisis de fe (Mons. A. Algora 2012) <\/a><\/span><\/strong><\/span><span style=\"color: #800080;\"><span style=\"color: #993366;\"><strong><span style=\"text-decoration: underline;\"><a style=\"color: #993366; text-decoration: underline;\" href=\"https:\/\/dpt.archimadrid.es\/wp-content\/uploads\/2009\/10\/Crisis-actual-y-crisis-de-fe-Mons-A-Algora-2012.pdf\">&#8211; <\/a><\/span><\/strong><\/span><strong><span style=\"text-decoration: underline;\"><span style=\"color: #993366; text-decoration: underline;\"><a style=\"color: #993366; text-decoration: underline;\" href=\"https:\/\/dpt.archimadrid.es\/wp-content\/uploads\/2009\/10\/Revisar-el-estilo-de-vida-y-adoptar-formas-de-ser-y-de-actuar-m\u00e1s-responsables.pdf\">Revisar el estilo de vida y adoptar formas de ser y de actuar m\u00e1s responsables (Noviembre 2012)&nbsp; &#8211; <\/a><a style=\"color: #993366; text-decoration: underline;\" href=\"https:\/\/dpt.archimadrid.es\/wp-content\/uploads\/2009\/11\/Mensaje-de-los-Obispos-de-la-Comisi\u00f3n-Episcopal-de-Apostolado-Seglar-con-ocasi\u00f3n-del-XX-aniversario-de-la-publicaci\u00f3n-del-documento.pdf\">Mensaje de los Obispos de la Comisi\u00f3n Episcopal de Apostolado Seglar con ocasi\u00f3n del XX aniversario de la publicaci\u00f3n del documento<\/a> (Enero 2015) &#8211; <a style=\"color: #993366; text-decoration: underline;\" href=\"https:\/\/dpt.archimadrid.es\/wp-content\/uploads\/2009\/11\/Iglesia-servidora-de-los-pobres.pdf\">Iglesia, servidora de los pobres (Abril 2015)<\/a><\/span><br \/>\n<\/span><\/strong><\/span><\/span><\/h4>\n<p><span style=\"color: #ffffff;\">&#8212;&#8212;&#8212;&#8212;&#8212;&#8212;&#8212;&#8212;&#8212;&#8212;&#8212;<\/span><\/p>\n<h3><span style=\"color: #0000ff;\"><strong><a style=\"color: #0000ff;\" href=\"https:\/\/dpt.archimadrid.es\/wp-content\/uploads\/2009\/10\/Compendio-DSI.pdf\">Compendio Doctrina Social de la Iglesia<\/a><\/strong><\/span><\/h3>\n<h3><span style=\"color: #ff0000;\"><strong><span style=\"text-decoration: underline;\"><a href=\"https:\/\/dpt.archimadrid.es\/wp-content\/uploads\/2009\/10\/documentos-papales.pdf\"><span style=\"color: #ff0000; text-decoration: underline;\">Listado de documentos papales<\/span><\/a><\/span><\/strong><\/span><\/h3>\n<h3><span style=\"color: #ff0000;\"><strong><a style=\"color: #ff0000;\" href=\"https:\/\/dpt.archimadrid.es\/wp-content\/uploads\/2009\/10\/06-La-pastoral-obrera-de-toda-la-iglesia.pdf\">Pastoral Obrera de Toda la Iglesia (POTI)<\/a><\/strong><\/span><\/h3>\n<h3><span style=\"color: #0000ff;\">V\u00eddeos de la Doctrina Social de la Iglesia: <\/span><\/h3>\n<h4><span style=\"color: #008000;\"><a style=\"color: #008000;\" href=\"https:\/\/www.youtube.com\/watch?v=ND5p09SFKK4&amp;t=23s\"><span style=\"color: #008000;\">La dignidad de la persona y el bien com\u00fan<\/span><\/a> \/ <a style=\"color: #008000;\" href=\"https:\/\/www.youtube.com\/watch?v=rsvGSBjXu-k&amp;t=160s\">01-La dignidad de la persona<\/a> \/ <a style=\"color: #008000;\" href=\"https:\/\/www.youtube.com\/watch?v=jwXmv9t-yN4&amp;t=23s\">02-La solidaridad con los empobrecidos<\/a> \/ <a style=\"color: #008000;\" href=\"https:\/\/www.youtube.com\/watch?v=zX0fFqEdE5c&amp;t=35s\">03-El Bien Com\u00fan I<\/a> \/ <a style=\"color: #008000;\" href=\"https:\/\/www.youtube.com\/watch?v=K4f1TEnH2VM&amp;t=27s\">04-El Bien com\u00fan II<\/a> \/ <a style=\"color: #008000;\" href=\"https:\/\/www.youtube.com\/watch?v=zfGqKz4tQUE&amp;t=19s\">05-Caminos para construir el Bien Com\u00fan<\/a> \/ <a style=\"color: #008000;\" href=\"https:\/\/www.youtube.com\/watch?v=xvn6ZrSHEp8&amp;t=21s\">06-La comunidad pol\u00edtica<\/a> \/ <a style=\"color: #008000;\" href=\"https:\/\/www.youtube.com\/watch?v=_gFTgtD3ekA&amp;t=18s\">07-La democracia como sistema pol\u00edtico<\/a> \/ <a style=\"color: #008000;\" href=\"https:\/\/www.youtube.com\/watch?v=nBMcLPmMPHo&amp;t=28s\">08-La participaci\u00f3n en la vida pol\u00edtica<\/a> \/ <a style=\"color: #008000;\" href=\"https:\/\/www.youtube.com\/watch?v=zxxhLO5SO9c&amp;t=34s\">09-Los valores fundamentales de la vida social I<\/a> \/<a style=\"color: #008000;\" href=\"https:\/\/www.youtube.com\/watch?v=ame2amRugWs&amp;t=20s\"> 10-Los valores fundamentales de la vida social II<\/a> \/ <a style=\"color: #008000;\" href=\"https:\/\/www.youtube.com\/watch?v=y2B0jtWcpmE&amp;t=18s\">11-Iglesia y comunidad pol\u00edtica<\/a> \/ <a style=\"color: #008000;\" href=\"https:\/\/www.youtube.com\/watch?v=aHAUop-_q9c&amp;t=34s\">12-La vida econ\u00f3mica I<\/a> \/ <a style=\"color: #008000;\" href=\"https:\/\/www.youtube.com\/watch?v=H6FRP4uM4w4&amp;t=19s\">13- La vida Econ\u00f3mica II<\/a> \/ <a style=\"color: #008000;\" href=\"https:\/\/www.youtube.com\/watch?v=3v-ulB8QtSc&amp;t=26s\">14-El destino universal de los bienes<\/a> \/ <a style=\"color: #008000;\" href=\"https:\/\/www.youtube.com\/watch?v=xqqs80usguA&amp;t=33s\">15-El trabajo humano I<\/a> \/ <a style=\"color: #008000;\" href=\"https:\/\/www.youtube.com\/watch?v=dq_2tTUdH1Y&amp;t=21s\">16-El trabajo humano II<\/a> \/ <a style=\"color: #008000;\" href=\"https:\/\/www.youtube.com\/watch?v=HHgijg1w_Ac&amp;t=20s\">17-La empresa<\/a> \/ <a style=\"color: #008000;\" href=\"https:\/\/www.youtube.com\/watch?v=mZ2Syb6SaeQ&amp;t=23s\">18-El cuidado de la creaci\u00f3n<\/a> \/ <a style=\"color: #008000;\" href=\"https:\/\/www.youtube.com\/watch?v=FXaJS1mu_3Q&amp;t=20s\">19-La comunidad Internacional I<\/a> \/ <a style=\"color: #008000;\" href=\"https:\/\/www.youtube.com\/watch?v=63qX4LCojGA&amp;t=21s\">20-La comunidad Internacional II<\/a> \/ <a style=\"color: #008000;\" href=\"https:\/\/www.youtube.com\/watch?v=xstEpWk8zP0&amp;t=57s\">21-Las migraciones I<\/a> \/ <a style=\"color: #008000;\" href=\"https:\/\/www.youtube.com\/watch?v=9X3wQ6NFC3s&amp;t=22s\">22-Las migraciones II <\/a><\/span><\/h4>\n<h4 style=\"text-align: right;\">(tomados de la web hoac.es)<\/h4>\n","protected":false},"excerpt":{"rendered":"<p>Es la actualizaci\u00f3n del Evangelio en materia social; Ofrece principios de reflexi\u00f3n, criterios de juicio y orientaciones y propuestas para la acci\u00f3n; Es un instrumento para la evangelizaci\u00f3n; Su conocimiento y puesta en pr\u00e1ctica es una prioridad pastoral; Ofrece un proyecto de humanizaci\u00f3n; Es un instrumento especialmente necesario para los laicos. (Compendio de la Doctrina <a href='https:\/\/dpt.archimadrid.es\/?page_id=592' class='excerpt-more'>[&#8230;]<\/a><\/p>\n","protected":false},"author":2,"featured_media":0,"parent":436,"menu_order":0,"comment_status":"closed","ping_status":"closed","template":"","meta":{"_monsterinsights_skip_tracking":false,"_monsterinsights_sitenote_active":false,"_monsterinsights_sitenote_note":"","_monsterinsights_sitenote_category":0,"ngg_post_thumbnail":0},"jetpack_sharing_enabled":true,"jetpack_shortlink":"https:\/\/wp.me\/P4zdxX-9y","_links":{"self":[{"href":"https:\/\/dpt.archimadrid.es\/index.php?rest_route=\/wp\/v2\/pages\/592"}],"collection":[{"href":"https:\/\/dpt.archimadrid.es\/index.php?rest_route=\/wp\/v2\/pages"}],"about":[{"href":"https:\/\/dpt.archimadrid.es\/index.php?rest_route=\/wp\/v2\/types\/page"}],"author":[{"embeddable":true,"href":"https:\/\/dpt.archimadrid.es\/index.php?rest_route=\/wp\/v2\/users\/2"}],"replies":[{"embeddable":true,"href":"https:\/\/dpt.archimadrid.es\/index.php?rest_route=%2Fwp%2Fv2%2Fcomments&post=592"}],"version-history":[{"count":19,"href":"https:\/\/dpt.archimadrid.es\/index.php?rest_route=\/wp\/v2\/pages\/592\/revisions"}],"predecessor-version":[{"id":11123,"href":"https:\/\/dpt.archimadrid.es\/index.php?rest_route=\/wp\/v2\/pages\/592\/revisions\/11123"}],"up":[{"embeddable":true,"href":"https:\/\/dpt.archimadrid.es\/index.php?rest_route=\/wp\/v2\/pages\/436"}],"wp:attachment":[{"href":"https:\/\/dpt.archimadrid.es\/index.php?rest_route=%2Fwp%2Fv2%2Fmedia&parent=592"}],"curies":[{"name":"wp","href":"https:\/\/api.w.org\/{rel}","templated":true}]}}