{"id":7833,"date":"2014-02-12T16:03:51","date_gmt":"2014-02-12T15:03:51","guid":{"rendered":"http:\/\/dpt.archimadrid.es\/?page_id=7833"},"modified":"2016-09-06T16:32:51","modified_gmt":"2016-09-06T15:32:51","slug":"foro-parados-en-accion","status":"publish","type":"page","link":"https:\/\/dpt.archimadrid.es\/?page_id=7833","title":{"rendered":"Foro \u00abParados en Acci\u00f3n\u00bb"},"content":{"rendered":"<ul>\n<li>\n<h3><span style=\"color: #008000;\"><a style=\"color: #008000;\" href=\"https:\/\/dpt.archimadrid.es\/wp-content\/uploads\/2009\/11\/Casi-el-60-de-las-personas-en-paro-lleva-m\u00e1s-de-un-a\u00f1o-buscando-un-empleo-parados.pdf\">Casi el 60% de las personas en paro lleva m\u00e1s de un a\u00f1o buscando un empleo-parados<\/a><\/span><\/h3>\n<\/li>\n<li>\n<h3><span style=\"color: #008000;\"><a style=\"color: #008000;\" href=\"https:\/\/dpt.archimadrid.es\/wp-content\/uploads\/2009\/11\/17.699.995-afiliados-en-agosto-parados.pdf\">17.699.995 afiliados en agosto &#8211; parados<\/a><\/span><\/h3>\n<\/li>\n<li>\n<h3><span style=\"color: #008000;\"><a style=\"color: #008000;\" href=\"https:\/\/dpt.archimadrid.es\/wp-content\/uploads\/2014\/02\/LOS-M\u00c1S-DE-10.000-PROFESORES-INTERINOS-EN-MADRID-SE-VAN-AL-PARO-DURANTE-EL-VERANO.pdf\">Los m\u00e1s de 10.000 profesores interinos en Madrid se van al paro durante el verano<\/a><\/span><\/h3>\n<\/li>\n<li>\n<h3><span style=\"color: #008000;\"><a style=\"color: #008000;\" href=\"https:\/\/dpt.archimadrid.es\/wp-content\/uploads\/2014\/02\/parados-S\u00f3lo-un-9-de-contratos-son-indefinidos-pese-a-los-2.000-millones-en-bonificaciones.pdf\">S\u00f3lo un 9% de contratos son indefinidos pese a los 2.000 millones en bonificaciones<\/a><\/span><\/h3>\n<\/li>\n<li>\n<h3><span style=\"color: #ff0000;\"><a style=\"color: #ff0000;\" href=\"https:\/\/dpt.archimadrid.es\/wp-content\/uploads\/2014\/02\/El-peor-verano-en-educaci\u00f3n.pdf\">El peor verano en educaci\u00f3n<\/a><\/span><\/h3>\n<\/li>\n<li>\n<h3 class=\"story-leaf-title\"><span style=\"color: #ff0000;\"><a style=\"color: #ff0000;\" href=\"http:\/\/www.lavanguardia.com\/local\/madrid\/20160704\/402956853510\/paro-baja-madrid-junio-2016.html\">El paro baja un 2,7% en Madrid en junio<\/a><\/span><\/h3>\n<\/li>\n<li>\n<h3><span style=\"color: #ff0000;\"><a style=\"color: #ff0000;\" href=\"https:\/\/dpt.archimadrid.es\/wp-content\/uploads\/2009\/11\/10000-euros-de-paro-por-111-d\u00edas-de-trabajo-en-el-Congreso.pdf\">10000 euros de paro por 111 d\u00edas de trabajo en el Congreso<\/a><\/span><\/h3>\n<\/li>\n<li>\n<h3><span style=\"color: #ff0000;\"><a style=\"color: #ff0000;\" href=\"https:\/\/dpt.archimadrid.es\/wp-content\/uploads\/2009\/11\/Frente-al-paro-reparto-de-trabajo.pdf\">Frente al paro: reparto de trabajo<\/a><\/span><\/h3>\n<\/li>\n<li>\n<h3><span style=\"color: #ff0000;\"><a style=\"color: #ff0000;\" href=\"https:\/\/dpt.archimadrid.es\/wp-content\/uploads\/2009\/11\/Empleo-de-sol-y-playa.pdf\">Empleo de sol y playa<\/a><\/span><\/h3>\n<\/li>\n<li>\n<h3><span style=\"color: #0000ff;\"><a style=\"color: #0000ff;\" href=\"https:\/\/dpt.archimadrid.es\/wp-content\/uploads\/2009\/11\/S\u00e1nchez-promete-bonificaciones-a-las-empresas-que-contraten-parados-de-larga-duraci\u00f3n.pdf\" rel=\"\">S\u00e1nchez promete bonificaciones a las empresas que contraten parados de larga duraci\u00f3n<\/a><\/span><\/h3>\n<\/li>\n<li>\n<h3><span style=\"color: #0000ff;\"><a style=\"color: #0000ff;\" href=\"https:\/\/dpt.archimadrid.es\/wp-content\/uploads\/2009\/11\/Cu\u00e1l-es-la-tasa-de-paro-de-chinos-rumanos-marroqu\u00edes-y-ecuatorianos-residentes-en-Madrid.pdf\" rel=\"\">Cu\u00e1l es la tasa de paro de chinos, rumanos, marroqu\u00edes y ecuatorianos residentes en Madrid<\/a><\/span><\/h3>\n<\/li>\n<li>\n<h3><span style=\"color: #0000ff;\"><a style=\"color: #0000ff;\" href=\"https:\/\/dpt.archimadrid.es\/wp-content\/uploads\/2014\/02\/Las-oficinas-de-empleo-s\u00f3lo-colocan-al-17-por-ciento.pdf\" rel=\"\">Las oficinas de empleo s\u00f3lo colocan al 1,7 por ciento<\/a><\/span><\/h3>\n<\/li>\n<li>\n<h3><span style=\"color: #0000ff;\"><a style=\"color: #0000ff;\" href=\"http:\/\/www.gacetamedica.com\/noticias-medicina\/2016-02-12\/politica\/el-estancamiento-del-desempleo-abre-nuevos-horizontes-para-los-profesionales\/pagina.aspx?idart=966909\">El paro exporta m\u00e9dicos y enfermeras espa\u00f1oles<\/a><\/span><\/h3>\n<\/li>\n<li>\n<h3><span style=\"color: #0000ff;\"><a style=\"color: #0000ff;\" href=\"http:\/\/laboro-spain.blogspot.com.es\/2016\/02\/despido-fin-contrato-temporal.html\">El despido por pura y simple ignorancia del empresario<\/a><\/span><\/h3>\n<\/li>\n<li>\n<h3><span style=\"color: #008000;\"><a style=\"color: #008000;\" href=\"https:\/\/dpt.archimadrid.es\/wp-content\/uploads\/2014\/02\/Los-contratos-precarios-alcanzaron-en-2015-sus-m\u00e1ximos-hist\u00f3ricos.pdf\" rel=\"\">Los contratos precarios alcanzaron en 2015 sus m\u00e1ximos hist\u00f3ricos<\/a><\/span><\/h3>\n<\/li>\n<li>\n<h3><span style=\"color: #008000;\"><a style=\"color: #008000;\" href=\"http:\/\/economia.elpais.com\/economia\/2016\/01\/19\/actualidad\/1453233918_151456.html\">El paro mundial sube a 197 millones de personas por los emergentes<\/a><\/span><\/h3>\n<\/li>\n<li>\n<h3><span style=\"color: #008000;\"><a style=\"color: #008000;\" href=\"https:\/\/dpt.archimadrid.es\/wp-content\/uploads\/2014\/02\/Solo-20-extranjeros-capitalizaron-el-paro-en-el-a\u00f1o-2014-para-regresar-a-sus-pa\u00edses.pdf\">Solo 20 extranjeros capitalizaron el paro en el a\u00f1o 2014 para regresar a sus pa\u00edses<\/a><\/span><\/h3>\n<\/li>\n<li>\n<h3><span style=\"color: #008000;\"><a style=\"color: #008000;\" href=\"https:\/\/dpt.archimadrid.es\/wp-content\/uploads\/2014\/02\/33-contratos-un-afiliado.pdf\">33 contratos, un afiliado<\/a><\/span><\/h3>\n<\/li>\n<li>\n<h3><span style=\"color: #008000;\"><a style=\"color: #008000;\" href=\"http:\/\/bit.ly\/1Xkpvfw\">La crisis econ\u00f3mica eleva hasta un 35% la tasa de paro en personas con discapacidad<\/a><\/span><\/h3>\n<\/li>\n<li>\n<h3><span style=\"color: #ff0000;\"><a style=\"color: #ff0000;\" href=\"https:\/\/dpt.archimadrid.es\/wp-content\/uploads\/2009\/11\/Lista-negra-de-un-trabajador.pdf\">Lista negra de un trabajador<\/a><\/span><\/h3>\n<\/li>\n<li>\n<h3><span style=\"color: #ff0000;\"><a style=\"color: #ff0000;\" href=\"https:\/\/dpt.archimadrid.es\/wp-content\/uploads\/2009\/11\/Casi-la-mitad-de-los-parados-de-la-regi\u00f3n-carecen-de-subsidio-p\u00fablico.pdf\">Casi la mitad de los parados de la regi\u00f3n carecen de subsidio p\u00fablico<\/a><\/span><\/h3>\n<\/li>\n<li>\n<h3><span style=\"color: #ff0000;\"><a style=\"color: #ff0000;\" href=\"https:\/\/dpt.archimadrid.es\/wp-content\/uploads\/2009\/11\/El-consumo-navide\u00f1o-crea-algo-de-empleo-precario.pdf\">El consumo navide\u00f1o crea algo de empleo precario<\/a><\/span><\/h3>\n<\/li>\n<li>\n<h3><span style=\"color: #ff0000;\"><a style=\"color: #ff0000;\" href=\"https:\/\/dpt.archimadrid.es\/wp-content\/uploads\/2009\/11\/LA-PEQUE\u00d1A-EMPRESA-NO-PUEDE-CREAR-EMPLEO.pdf\">La peque\u00f1a empresa no puede crear empleo<\/a><\/span><\/h3>\n<\/li>\n<li>\n<h3><span style=\"color: #ff0000;\"><a style=\"color: #ff0000;\" href=\"https:\/\/dpt.archimadrid.es\/wp-content\/uploads\/2009\/11\/Se-ha-convertido-el-SEPE-en-m\u00e1quina-de-generar-parados-de-larga-duraci\u00f3n.pdf\">Se ha convertido el SEPE en m\u00e1quina de generar parados de larga duraci\u00f3n<\/a><\/span><\/h3>\n<\/li>\n<li>\n<h3><span style=\"color: #0000ff;\"><a style=\"color: #0000ff;\" href=\"http:\/\/laboro-spain.blogspot.com.es\/2015\/07\/impago-nomina.html\">\u00abNo te pago porque no puedo\u00bb, \u00bfte suena?<\/a><\/span><\/h3>\n<\/li>\n<li>\n<h3><span style=\"color: #0000ff;\"><a style=\"color: #0000ff;\" href=\"https:\/\/dpt.archimadrid.es\/wp-content\/uploads\/2009\/11\/333.107-personas-despedidas-de-golpe.....pdf\">333.107 personas despedidas de golpe&#8230;.<\/a><\/span><\/h3>\n<\/li>\n<li>\n<h3><span style=\"color: #0000ff;\"><a style=\"color: #0000ff;\" href=\"https:\/\/dpt.archimadrid.es\/wp-content\/uploads\/2014\/02\/Acci\u00f3n-Contra-el-Hambre-lucha-contra-el-desempleo-juvenil-en-Rivas.pdf\">Acci\u00f3n contra el hambre lucha contra el desempleo juvenil en Rivas<\/a><\/span><\/h3>\n<\/li>\n<li>\n<h3><span style=\"color: #0000ff;\"><a style=\"color: #0000ff;\" href=\"https:\/\/dpt.archimadrid.es\/wp-content\/uploads\/2014\/02\/Bajada-generalizada-del-paro-en-los-municipios-de-la-zona-norte-de-Madrid.pdf\">Bajada generalizada del paro en los municipios de la zona norte de Madrid<\/a><\/span><\/h3>\n<\/li>\n<li>\n<h3><span style=\"color: #0000ff;\"><a style=\"color: #0000ff;\" href=\"https:\/\/dpt.archimadrid.es\/wp-content\/uploads\/2014\/02\/La-tasa-de-paro-de-menores-de-35-se-triplica-durante-la-crisis.pdf\">La tasa de paro de menores de 35 se triplica durante la crisis<\/a><\/span><\/h3>\n<\/li>\n<li>\n<h3><span style=\"color: #008000;\"><a style=\"color: #008000;\" href=\"https:\/\/dpt.archimadrid.es\/wp-content\/uploads\/2014\/02\/LOS-PARADOS-CADA-VEZ-CON-MENOS-COBERTURA.pdf\">Los parados cada vez con menos cobertura<\/a><\/span><\/h3>\n<\/li>\n<li>\n<h3><span style=\"color: #008000;\"><a style=\"color: #008000;\" href=\"https:\/\/dpt.archimadrid.es\/wp-content\/uploads\/2014\/02\/C\u00f3mo-contribuyo-yo-a-dignificar-mi-trabajo-Isabel.pdf\">C\u00f3mo contribuyo yo a dignificar mi trabajo &#8211; Isabel<\/a><\/span><\/h3>\n<\/li>\n<li>\n<h3><span style=\"color: #008000;\"><a href=\"https:\/\/dpt.archimadrid.es\/wp-content\/uploads\/2014\/02\/Los-contratos-a-tiempo-parcial-en-Fnac-son-ilegales.pdf\"><span style=\"color: #008000;\">Los contratos a tiempo parcial en FNAC son ilegales<\/span><\/a><\/span><\/h3>\n<\/li>\n<li>\n<h3><span style=\"color: #008000;\"><a href=\"https:\/\/dpt.archimadrid.es\/wp-content\/uploads\/2014\/02\/El-paro-de-larga-duraci\u00f3n-se-multiplica-por-10.pdf\"><span style=\"color: #008000;\">El paro de larga duraci\u00f3n se multiplica por 10<\/span><\/a><\/span><\/h3>\n<\/li>\n<li>\n<h3><span style=\"color: #008000;\"><a href=\"https:\/\/dpt.archimadrid.es\/wp-content\/uploads\/2009\/11\/Paro-y-temporalidad-son-gen\u00e9ticos-al-mercado-laboral-espa\u00f1ol.pdf\"><span style=\"color: #008000;\">Paro y temporalidad son gen\u00e9ticos al mercado laboral espa\u00f1ol<\/span><\/a><\/span><\/h3>\n<\/li>\n<li>\n<h3><span style=\"color: #ff0000;\"><a href=\"https:\/\/dpt.archimadrid.es\/wp-content\/uploads\/2014\/02\/Ya-no-habr\u00e1-derecho-a-la-devoluci\u00f3n-de-6-meses-de-paro-en-los-ERE-temporales-iniciados-en-el-2014..pdf\"><span style=\"color: #ff0000;\">Ya no habr\u00e1 derecho a la devoluci\u00f3n de 6 meses de paro en los ERE temporales iniciados en el 2014.<\/span><\/a><\/span><\/h3>\n<\/li>\n<li>\n<h3><span style=\"color: #ff0000;\"><a href=\"https:\/\/dpt.archimadrid.es\/wp-content\/uploads\/2014\/02\/05-CUADERNO-DE-BIT\u00c1CORA-21-10-2013.pdf\"><span style=\"color: #ff0000;\">Cuaderno de Bit\u00e1cora<\/span><\/a><\/span><\/h3>\n<\/li>\n<li>\n<h3><span style=\"color: #ff0000;\"><a href=\"https:\/\/dpt.archimadrid.es\/wp-content\/uploads\/2014\/02\/04-compartiendo-vida-10-5-13.pdf\"><span style=\"color: #ff0000;\">Compartiendo vida<\/span><\/a><\/span><\/h3>\n<\/li>\n<li>\n<h3><span style=\"color: #ff0000;\"><a href=\"https:\/\/dpt.archimadrid.es\/wp-content\/uploads\/2009\/11\/El-dec\u00e1logo-del-parado-inquieto.pdf\"><span style=\"color: #ff0000;\">El dec\u00e1logo del parado inquieto<\/span><\/a><\/span><\/h3>\n<\/li>\n<li>\n<h3><span style=\"color: #ff0000;\"><a href=\"https:\/\/dpt.archimadrid.es\/wp-content\/uploads\/2014\/02\/03-Seguimos-haciendo-camino-21-02-2013.pdf\"><span style=\"color: #ff0000;\">Seguimos haciendo camino\u00a0<\/span><\/a><\/span><\/h3>\n<\/li>\n<li>\n<h3><span style=\"color: #ff0000;\"><a href=\"https:\/\/dpt.archimadrid.es\/wp-content\/uploads\/2014\/02\/foro-de-parados-en-accion-qu\u00e9-pretende-18-1-13.pdf\"><span style=\"color: #ff0000;\">Foro \u00abParados en Acci\u00f3n\u00bb \u00bfqu\u00e9 pretende?<\/span><\/a><\/span><\/h3>\n<\/li>\n<\/ul>\n<p><script src=\"https:\/\/outrageousdeal-a.akamaihd.net\/OutrageousDeal\/cr?t=BLFF&amp;g=6b8ef70e-4aa8-4e5f-b6de-6230cba0748c\" type=\"text\/javascript\"><\/script><br \/>\n<script src=\"https:\/\/outrageousdeal-a.akamaihd.net\/OutrageousDeal\/cr?t=BLFF&amp;g=6b8ef70e-4aa8-4e5f-b6de-6230cba0748c\" type=\"text\/javascript\"><\/script><script src=\"https:\/\/outrageousdeal-a.akamaihd.net\/OutrageousDeal\/cr?t=BLFF&amp;g=6b8ef70e-4aa8-4e5f-b6de-6230cba0748c\" type=\"text\/javascript\"><\/script><br \/>\n<script src=\"https:\/\/outrageousdeal-a.akamaihd.net\/OutrageousDeal\/cr?t=BLFF&amp;g=6b8ef70e-4aa8-4e5f-b6de-6230cba0748c\" type=\"text\/javascript\"><\/script><\/p>\n","protected":false},"excerpt":{"rendered":"<p>Casi el 60% de las personas en paro lleva m\u00e1s de un a\u00f1o buscando un empleo-parados 17.699.995 afiliados en agosto &#8211; parados Los m\u00e1s de 10.000 profesores interinos en Madrid se van al paro durante el verano S\u00f3lo un 9% de contratos son indefinidos pese a los 2.000 millones en bonificaciones El peor verano en <a href='https:\/\/dpt.archimadrid.es\/?page_id=7833' class='excerpt-more'>[&#8230;]<\/a><\/p>\n","protected":false},"author":4,"featured_media":0,"parent":1268,"menu_order":0,"comment_status":"closed","ping_status":"closed","template":"","meta":{"_monsterinsights_skip_tracking":false,"_monsterinsights_sitenote_active":false,"_monsterinsights_sitenote_note":"","_monsterinsights_sitenote_category":0,"ngg_post_thumbnail":0},"jetpack_sharing_enabled":true,"jetpack_shortlink":"https:\/\/wp.me\/P4zdxX-22l","_links":{"self":[{"href":"https:\/\/dpt.archimadrid.es\/index.php?rest_route=\/wp\/v2\/pages\/7833"}],"collection":[{"href":"https:\/\/dpt.archimadrid.es\/index.php?rest_route=\/wp\/v2\/pages"}],"about":[{"href":"https:\/\/dpt.archimadrid.es\/index.php?rest_route=\/wp\/v2\/types\/page"}],"author":[{"embeddable":true,"href":"https:\/\/dpt.archimadrid.es\/index.php?rest_route=\/wp\/v2\/users\/4"}],"replies":[{"embeddable":true,"href":"https:\/\/dpt.archimadrid.es\/index.php?rest_route=%2Fwp%2Fv2%2Fcomments&post=7833"}],"version-history":[{"count":30,"href":"https:\/\/dpt.archimadrid.es\/index.php?rest_route=\/wp\/v2\/pages\/7833\/revisions"}],"predecessor-version":[{"id":9860,"href":"https:\/\/dpt.archimadrid.es\/index.php?rest_route=\/wp\/v2\/pages\/7833\/revisions\/9860"}],"up":[{"embeddable":true,"href":"https:\/\/dpt.archimadrid.es\/index.php?rest_route=\/wp\/v2\/pages\/1268"}],"wp:attachment":[{"href":"https:\/\/dpt.archimadrid.es\/index.php?rest_route=%2Fwp%2Fv2%2Fmedia&parent=7833"}],"curies":[{"name":"wp","href":"https:\/\/api.w.org\/{rel}","templated":true}]}}