{"id":8063,"date":"2014-05-12T11:59:50","date_gmt":"2014-05-12T10:59:50","guid":{"rendered":"http:\/\/dpt.archimadrid.es\/?page_id=8063"},"modified":"2021-03-26T12:00:13","modified_gmt":"2021-03-26T11:00:13","slug":"religiososas-en-el-mundo-obrero","status":"publish","type":"page","link":"https:\/\/dpt.archimadrid.es\/?page_id=8063","title":{"rendered":"RELIGIOSOS\/AS EN EL MUNDO OBRERO"},"content":{"rendered":"<ul>\n<li>En la d\u00e9cada de los a\u00f1os 80 varias Congregaciones de Religiosas\/os e Institutos Seculares sintieron la llamada a evangelizar el mundo obrero desde los carismas propios de su instituci\u00f3n. Esa vocaci\u00f3n la deben a una espiritualidad a la que el Secretariado de Pastoral del Trabajo quiere colaborar.<strong>A TODAS LAS RELIGIOSAS\/OS LES UN\u00cdA ESTA ESPIRITUALIDAD<\/strong>:\n<p><strong>Encarnaci\u00f3n en un barrio obrero. <\/strong>Optan por insertar su peque\u00f1a comunidad en un piso como las familias trabajadoras para compartir las mismas condiciones de alegr\u00edas y penas que ellas. Hacen esto por una opci\u00f3n evang\u00e9lica de seguir a Cristo Jes\u00fas, quien se despoj\u00f3 de su grandeza divina y comparti\u00f3 nuestra condici\u00f3n.&nbsp;<span style=\"color: #c41434;\"> <a style=\"color: #c41434;\" href=\"https:\/\/dpt.archimadrid.es\/wp-content\/uploads\/2021\/03\/Religiosas-Mundo-Obrero.pdf\">Seguir leyendo<\/a><\/span><\/li>\n<li>\n<h3><span style=\"color: #0000ff;\"><a href=\"https:\/\/dpt.archimadrid.es\/wp-content\/uploads\/2014\/05\/LA-DSI-y-LA-VIDA-RELIGIOSA.pdf\"><span style=\"color: #0000ff;\">LA DOCTRINA SOCIAL DE LA IGLESIA Y LA VIDA RELIGIOSA. Propuestas ante el sistema econ\u00f3mico-social.<\/span><\/a><\/span><\/h3>\n<\/li>\n<\/ul>\n","protected":false},"excerpt":{"rendered":"<p>En la d\u00e9cada de los a\u00f1os 80 varias Congregaciones de Religiosas\/os e Institutos Seculares sintieron la llamada a evangelizar el mundo obrero desde los carismas propios de su instituci\u00f3n. Esa vocaci\u00f3n la deben a una espiritualidad a la que el Secretariado de Pastoral del Trabajo quiere colaborar.A TODAS LAS RELIGIOSAS\/OS LES UN\u00cdA ESTA ESPIRITUALIDAD: Encarnaci\u00f3n <a href='https:\/\/dpt.archimadrid.es\/?page_id=8063' class='excerpt-more'>[&#8230;]<\/a><\/p>\n","protected":false},"author":4,"featured_media":0,"parent":18,"menu_order":0,"comment_status":"closed","ping_status":"closed","template":"","meta":{"_monsterinsights_skip_tracking":false,"_monsterinsights_sitenote_active":false,"_monsterinsights_sitenote_note":"","_monsterinsights_sitenote_category":0,"ngg_post_thumbnail":0},"jetpack_sharing_enabled":true,"jetpack_shortlink":"https:\/\/wp.me\/P4zdxX-263","_links":{"self":[{"href":"https:\/\/dpt.archimadrid.es\/index.php?rest_route=\/wp\/v2\/pages\/8063"}],"collection":[{"href":"https:\/\/dpt.archimadrid.es\/index.php?rest_route=\/wp\/v2\/pages"}],"about":[{"href":"https:\/\/dpt.archimadrid.es\/index.php?rest_route=\/wp\/v2\/types\/page"}],"author":[{"embeddable":true,"href":"https:\/\/dpt.archimadrid.es\/index.php?rest_route=\/wp\/v2\/users\/4"}],"replies":[{"embeddable":true,"href":"https:\/\/dpt.archimadrid.es\/index.php?rest_route=%2Fwp%2Fv2%2Fcomments&post=8063"}],"version-history":[{"count":3,"href":"https:\/\/dpt.archimadrid.es\/index.php?rest_route=\/wp\/v2\/pages\/8063\/revisions"}],"predecessor-version":[{"id":11198,"href":"https:\/\/dpt.archimadrid.es\/index.php?rest_route=\/wp\/v2\/pages\/8063\/revisions\/11198"}],"up":[{"embeddable":true,"href":"https:\/\/dpt.archimadrid.es\/index.php?rest_route=\/wp\/v2\/pages\/18"}],"wp:attachment":[{"href":"https:\/\/dpt.archimadrid.es\/index.php?rest_route=%2Fwp%2Fv2%2Fmedia&parent=8063"}],"curies":[{"name":"wp","href":"https:\/\/api.w.org\/{rel}","templated":true}]}}